{"id":1418,"date":"2022-09-22T16:29:08","date_gmt":"2022-09-22T14:29:08","guid":{"rendered":"https:\/\/www.oayeah.com\/persvragen\/"},"modified":"2022-10-20T16:30:47","modified_gmt":"2022-10-20T14:30:47","slug":"persvragen","status":"publish","type":"page","link":"https:\/\/www.oayeah.com\/nl\/persvragen\/","title":{"rendered":"Persvragen"},"content":{"rendered":"\n<p>Voor mediavragen kunt u contact opnemen met:<\/p>\n\n<p><strong>Mieke van Vugt<\/strong><br\/>PR &amp; Communications<br\/>+31 184 444 800<br\/><a href=\"mailto:info@oayeah.com\">info@oayeah.com<\/a><\/p>\n\n<p><\/p>\n\n<h3 class=\"has-white-color has-text-color wp-block-heading\">Publicaties<\/h3>\n\n<p><strong>Distrifood<\/strong><br\/><a href=\"https:\/\/www.distrifood.nl\/161265\/oayeah-zuivelvrije-fluffy-pancakes-met-haverdrank\" target=\"_blank\" rel=\"noreferrer noopener\">C\u00e9r\u00e9lia introduceert OaYeah! De eerste gekoelde, ready-to-eat pancakes, gemaakt met haverdrank. <\/a><\/p>\n\n<p><strong>Duurzaam-ondernemen.nl<br\/><\/strong><a href=\"https:\/\/www.duurzaam-ondernemen.nl\/cerelia-lanceert-oayeah-pancakes-eerste-koelverse-pannenkoeken-van-haverdrank\/\" target=\"_blank\" rel=\"noreferrer noopener\">C\u00e9r\u00e9lia lanceert OaYeah! pancakes: eerste koelverse pannenkoeken van haverdrank<\/a><\/p>\n\n<p><strong>Foodclicks<\/strong><br\/><a href=\"https:\/\/www.foodclicks.nl\/nieuws\/cerelia-lanceert-oayeah-pancakes-van-havermelk\/\" target=\"_blank\" rel=\"noreferrer noopener\">C\u00e9r\u00e9lia lanceert OaYeah! Pancakes van havermelk<\/a><\/p>\n\n<p><strong>Het Kompas Sliedrecht<\/strong><br\/><a href=\"https:\/\/www.hetkompassliedrecht.nl\/lokaal\/zakelijk\/864751\/-advertorial-cerelia-lanceert-de-enige-kant-en-klare-pancakes-v\" target=\"_blank\" rel=\"noreferrer noopener\">C\u00e9r\u00e9lia lanceert de enige kant-en-klare pancakes van havermelk, OaYeah!<\/a><\/p>\n\n<p><strong>Food Agri Business<\/strong><br\/><a href=\"https:\/\/www.foodagribusiness.nl\/cerelia-komt-met-koelverse-pannenkoeken-van-haverdrank\/\" target=\"_blank\" rel=\"noreferrer noopener\">C\u00e9r\u00e9lia komt met koelverse pannenkoeken van haverdrank<\/a><\/p>\n\n<p><strong>Change Inc<\/strong>.<br\/><a href=\"https:\/\/www.change.inc\/agri-food\/kant-en-klare-pannenkoeken-gemaakt-met-havermelk-is-dat-lekker-39014\" target=\"_blank\" rel=\"noreferrer noopener\">Kant-en-klare pannenkoeken gemaakt met havermelk. Is dat lekker?<\/a><\/p>\n\n<p><strong>Oozo<br\/><\/strong><a href=\"https:\/\/www.oozo.nl\/nieuws\/sliedrecht\/3097585\/cerelia-lanceert-oayeah-pancakes-eerste-koelverse-pannenkoeken-van-haverdrank\" target=\"_blank\" rel=\"noreferrer noopener\">C\u00e9r\u00e9lia lanceert OaYeah! pancakes: eerste koelverse pannenkoeken van haverdrank<\/a><\/p>\n\n<p><strong>De Duurzame Wereld<\/strong><br\/><a href=\"https:\/\/www.deduurzamewereld.eu\/2022\/10\/cerelia-lanceert-oayeah-pancakes-eerste.html\" target=\"_blank\" rel=\"noreferrer noopener\">C\u00e9r\u00e9lia lanceert OaYeah! pancakes: eerste koelverse pannenkoeken van haverdrank<\/a><\/p>\n","protected":false},"excerpt":{"rendered":"<p>Voor mediavragen kunt u contact opnemen met: Mieke van VugtPR &amp; Communications+31 184 444 800info@oayeah.com Publicaties DistrifoodC\u00e9r\u00e9lia introduceert OaYeah! De eerste gekoelde, ready-to-eat pancakes, gemaakt met haverdrank. Duurzaam-ondernemen.nlC\u00e9r\u00e9lia lanceert OaYeah! pancakes: eerste koelverse pannenkoeken van haverdrank FoodclicksC\u00e9r\u00e9lia lanceert OaYeah! Pancakes van havermelk Het Kompas SliedrechtC\u00e9r\u00e9lia lanceert de enige kant-en-klare pancakes van havermelk, OaYeah! Food Agri [&hellip;]<\/p>\n","protected":false},"author":1,"featured_media":0,"parent":0,"menu_order":0,"comment_status":"closed","ping_status":"closed","template":"","meta":{"footnotes":""},"class_list":["post-1418","page","type-page","status-publish","hentry"],"yoast_head":"<!-- This site is optimized with the Yoast SEO plugin v27.3 - https:\/\/yoast.com\/product\/yoast-seo-wordpress\/ -->\n<title>Persvragen - OaYeah! Ready-to-eat pancakes made with oat drink<\/title>\n<meta name=\"robots\" content=\"index, follow, max-snippet:-1, max-image-preview:large, max-video-preview:-1\" \/>\n<link rel=\"canonical\" href=\"https:\/\/www.oayeah.com\/nl\/persvragen\/\" \/>\n<meta property=\"og:locale\" content=\"nl_NL\" \/>\n<meta property=\"og:type\" content=\"article\" \/>\n<meta property=\"og:title\" content=\"Persvragen - OaYeah! Ready-to-eat pancakes made with oat drink\" \/>\n<meta property=\"og:description\" content=\"Voor mediavragen kunt u contact opnemen met: Mieke van VugtPR &amp; Communications+31 184 444 800info@oayeah.com Publicaties DistrifoodC\u00e9r\u00e9lia introduceert OaYeah! De eerste gekoelde, ready-to-eat pancakes, gemaakt met haverdrank. Duurzaam-ondernemen.nlC\u00e9r\u00e9lia lanceert OaYeah! pancakes: eerste koelverse pannenkoeken van haverdrank FoodclicksC\u00e9r\u00e9lia lanceert OaYeah! Pancakes van havermelk Het Kompas SliedrechtC\u00e9r\u00e9lia lanceert de enige kant-en-klare pancakes van havermelk, OaYeah! Food Agri [&hellip;]\" \/>\n<meta property=\"og:url\" content=\"https:\/\/www.oayeah.com\/nl\/persvragen\/\" \/>\n<meta property=\"og:site_name\" content=\"OaYeah! Ready-to-eat pancakes made with oat drink\" \/>\n<meta property=\"article:modified_time\" content=\"2022-10-20T14:30:47+00:00\" \/>\n<meta property=\"og:image\" content=\"https:\/\/www.oayeah.com\/wp-content\/uploads\/oayeah-feelgood-pancakes.jpg\" \/>\n\t<meta property=\"og:image:width\" content=\"2000\" \/>\n\t<meta property=\"og:image:height\" content=\"2299\" \/>\n\t<meta property=\"og:image:type\" content=\"image\/jpeg\" \/>\n<meta name=\"twitter:card\" content=\"summary_large_image\" \/>\n<meta name=\"twitter:label1\" content=\"Geschatte leestijd\" \/>\n\t<meta name=\"twitter:data1\" content=\"1 minuut\" \/>\n<script type=\"application\/ld+json\" class=\"yoast-schema-graph\">{\"@context\":\"https:\\\/\\\/schema.org\",\"@graph\":[{\"@type\":\"WebPage\",\"@id\":\"https:\\\/\\\/www.oayeah.com\\\/nl\\\/persvragen\\\/\",\"url\":\"https:\\\/\\\/www.oayeah.com\\\/nl\\\/persvragen\\\/\",\"name\":\"Persvragen - OaYeah! Ready-to-eat pancakes made with oat drink\",\"isPartOf\":{\"@id\":\"https:\\\/\\\/www.oayeah.com\\\/#website\"},\"datePublished\":\"2022-09-22T14:29:08+00:00\",\"dateModified\":\"2022-10-20T14:30:47+00:00\",\"breadcrumb\":{\"@id\":\"https:\\\/\\\/www.oayeah.com\\\/nl\\\/persvragen\\\/#breadcrumb\"},\"inLanguage\":\"nl-NL\",\"potentialAction\":[{\"@type\":\"ReadAction\",\"target\":[\"https:\\\/\\\/www.oayeah.com\\\/nl\\\/persvragen\\\/\"]}]},{\"@type\":\"BreadcrumbList\",\"@id\":\"https:\\\/\\\/www.oayeah.com\\\/nl\\\/persvragen\\\/#breadcrumb\",\"itemListElement\":[{\"@type\":\"ListItem\",\"position\":1,\"name\":\"Home\",\"item\":\"https:\\\/\\\/www.oayeah.com\\\/nl\\\/\"},{\"@type\":\"ListItem\",\"position\":2,\"name\":\"Persvragen\"}]},{\"@type\":\"WebSite\",\"@id\":\"https:\\\/\\\/www.oayeah.com\\\/#website\",\"url\":\"https:\\\/\\\/www.oayeah.com\\\/\",\"name\":\"OaYeah! Ready-to-eat pancakes made with oat drink\",\"description\":\"Feelgood pancakes: good for your mood, your apetite and the planet!\",\"publisher\":{\"@id\":\"https:\\\/\\\/www.oayeah.com\\\/#organization\"},\"potentialAction\":[{\"@type\":\"SearchAction\",\"target\":{\"@type\":\"EntryPoint\",\"urlTemplate\":\"https:\\\/\\\/www.oayeah.com\\\/?s={search_term_string}\"},\"query-input\":{\"@type\":\"PropertyValueSpecification\",\"valueRequired\":true,\"valueName\":\"search_term_string\"}}],\"inLanguage\":\"nl-NL\"},{\"@type\":\"Organization\",\"@id\":\"https:\\\/\\\/www.oayeah.com\\\/#organization\",\"name\":\"Oayeah!\",\"url\":\"https:\\\/\\\/www.oayeah.com\\\/\",\"logo\":{\"@type\":\"ImageObject\",\"inLanguage\":\"nl-NL\",\"@id\":\"https:\\\/\\\/www.oayeah.com\\\/#\\\/schema\\\/logo\\\/image\\\/\",\"url\":\"https:\\\/\\\/www.oayeah.com\\\/wp-content\\\/uploads\\\/oayeah-logo.svg\",\"contentUrl\":\"https:\\\/\\\/www.oayeah.com\\\/wp-content\\\/uploads\\\/oayeah-logo.svg\",\"width\":226,\"height\":50,\"caption\":\"Oayeah!\"},\"image\":{\"@id\":\"https:\\\/\\\/www.oayeah.com\\\/#\\\/schema\\\/logo\\\/image\\\/\"}}]}<\/script>\n<!-- \/ Yoast SEO plugin. -->","yoast_head_json":{"title":"Persvragen - OaYeah! Ready-to-eat pancakes made with oat drink","robots":{"index":"index","follow":"follow","max-snippet":"max-snippet:-1","max-image-preview":"max-image-preview:large","max-video-preview":"max-video-preview:-1"},"canonical":"https:\/\/www.oayeah.com\/nl\/persvragen\/","og_locale":"nl_NL","og_type":"article","og_title":"Persvragen - OaYeah! Ready-to-eat pancakes made with oat drink","og_description":"Voor mediavragen kunt u contact opnemen met: Mieke van VugtPR &amp; Communications+31 184 444 800info@oayeah.com Publicaties DistrifoodC\u00e9r\u00e9lia introduceert OaYeah! De eerste gekoelde, ready-to-eat pancakes, gemaakt met haverdrank. Duurzaam-ondernemen.nlC\u00e9r\u00e9lia lanceert OaYeah! pancakes: eerste koelverse pannenkoeken van haverdrank FoodclicksC\u00e9r\u00e9lia lanceert OaYeah! Pancakes van havermelk Het Kompas SliedrechtC\u00e9r\u00e9lia lanceert de enige kant-en-klare pancakes van havermelk, OaYeah! Food Agri [&hellip;]","og_url":"https:\/\/www.oayeah.com\/nl\/persvragen\/","og_site_name":"OaYeah! Ready-to-eat pancakes made with oat drink","article_modified_time":"2022-10-20T14:30:47+00:00","og_image":[{"width":2000,"height":2299,"url":"https:\/\/www.oayeah.com\/wp-content\/uploads\/oayeah-feelgood-pancakes.jpg","type":"image\/jpeg"}],"twitter_card":"summary_large_image","twitter_misc":{"Geschatte leestijd":"1 minuut"},"schema":{"@context":"https:\/\/schema.org","@graph":[{"@type":"WebPage","@id":"https:\/\/www.oayeah.com\/nl\/persvragen\/","url":"https:\/\/www.oayeah.com\/nl\/persvragen\/","name":"Persvragen - OaYeah! Ready-to-eat pancakes made with oat drink","isPartOf":{"@id":"https:\/\/www.oayeah.com\/#website"},"datePublished":"2022-09-22T14:29:08+00:00","dateModified":"2022-10-20T14:30:47+00:00","breadcrumb":{"@id":"https:\/\/www.oayeah.com\/nl\/persvragen\/#breadcrumb"},"inLanguage":"nl-NL","potentialAction":[{"@type":"ReadAction","target":["https:\/\/www.oayeah.com\/nl\/persvragen\/"]}]},{"@type":"BreadcrumbList","@id":"https:\/\/www.oayeah.com\/nl\/persvragen\/#breadcrumb","itemListElement":[{"@type":"ListItem","position":1,"name":"Home","item":"https:\/\/www.oayeah.com\/nl\/"},{"@type":"ListItem","position":2,"name":"Persvragen"}]},{"@type":"WebSite","@id":"https:\/\/www.oayeah.com\/#website","url":"https:\/\/www.oayeah.com\/","name":"OaYeah! Ready-to-eat pancakes made with oat drink","description":"Feelgood pancakes: good for your mood, your apetite and the planet!","publisher":{"@id":"https:\/\/www.oayeah.com\/#organization"},"potentialAction":[{"@type":"SearchAction","target":{"@type":"EntryPoint","urlTemplate":"https:\/\/www.oayeah.com\/?s={search_term_string}"},"query-input":{"@type":"PropertyValueSpecification","valueRequired":true,"valueName":"search_term_string"}}],"inLanguage":"nl-NL"},{"@type":"Organization","@id":"https:\/\/www.oayeah.com\/#organization","name":"Oayeah!","url":"https:\/\/www.oayeah.com\/","logo":{"@type":"ImageObject","inLanguage":"nl-NL","@id":"https:\/\/www.oayeah.com\/#\/schema\/logo\/image\/","url":"https:\/\/www.oayeah.com\/wp-content\/uploads\/oayeah-logo.svg","contentUrl":"https:\/\/www.oayeah.com\/wp-content\/uploads\/oayeah-logo.svg","width":226,"height":50,"caption":"Oayeah!"},"image":{"@id":"https:\/\/www.oayeah.com\/#\/schema\/logo\/image\/"}}]}},"_links":{"self":[{"href":"https:\/\/www.oayeah.com\/nl\/wp-json\/wp\/v2\/pages\/1418","targetHints":{"allow":["GET"]}}],"collection":[{"href":"https:\/\/www.oayeah.com\/nl\/wp-json\/wp\/v2\/pages"}],"about":[{"href":"https:\/\/www.oayeah.com\/nl\/wp-json\/wp\/v2\/types\/page"}],"author":[{"embeddable":true,"href":"https:\/\/www.oayeah.com\/nl\/wp-json\/wp\/v2\/users\/1"}],"replies":[{"embeddable":true,"href":"https:\/\/www.oayeah.com\/nl\/wp-json\/wp\/v2\/comments?post=1418"}],"version-history":[{"count":5,"href":"https:\/\/www.oayeah.com\/nl\/wp-json\/wp\/v2\/pages\/1418\/revisions"}],"predecessor-version":[{"id":1530,"href":"https:\/\/www.oayeah.com\/nl\/wp-json\/wp\/v2\/pages\/1418\/revisions\/1530"}],"wp:attachment":[{"href":"https:\/\/www.oayeah.com\/nl\/wp-json\/wp\/v2\/media?parent=1418"}],"curies":[{"name":"wp","href":"https:\/\/api.w.org\/{rel}","templated":true}]}}